{"id":167,"date":"2024-06-19T13:08:12","date_gmt":"2024-06-19T13:08:12","guid":{"rendered":"https:\/\/proa4all.com\/?page_id=167"},"modified":"2025-06-10T17:10:20","modified_gmt":"2025-06-10T17:10:20","slug":"contacte","status":"publish","type":"page","link":"https:\/\/proa4all.com\/index.php\/contacte\/","title":{"rendered":"Contacte"},"content":{"rendered":"<p>[et_pb_section fb_built=&#8221;1&#8243; admin_label=&#8221;Footer&#8221; _builder_version=&#8221;4.23.4&#8243; _module_preset=&#8221;default&#8221; background_enable_color=&#8221;off&#8221; custom_padding=&#8221;76px||0px|||&#8221; saved_tabs=&#8221;all&#8221; collapsed=&#8221;on&#8221; global_colors_info=&#8221;{%22gcid-095f3017-670a-4d45-bbf8-520034f23a92%22:%91%22background_color%22%93}&#8221;][et_pb_row column_structure=&#8221;1_2,1_2&#8243; _builder_version=&#8221;4.23.4&#8243; _module_preset=&#8221;default&#8221; custom_padding=&#8221;||108px|||&#8221; global_colors_info=&#8221;{}&#8221;][et_pb_column type=&#8221;1_2&#8243; _builder_version=&#8221;4.22.1&#8243; _module_preset=&#8221;default&#8221; global_colors_info=&#8221;{}&#8221;][et_pb_text _builder_version=&#8221;4.23.4&#8243; _module_preset=&#8221;_initial&#8221; header_2_text_color=&#8221;#333333&#8243; header_4_font=&#8221;DM Sans|700||on|||||&#8221; header_4_text_color=&#8221;#000000&#8243; header_4_font_size=&#8221;14px&#8221; header_4_letter_spacing=&#8221;0.7em&#8221; header_4_line_height=&#8221;1.4em&#8221; text_orientation=&#8221;center&#8221; custom_margin=&#8221;||0px||false|false&#8221; global_colors_info=&#8221;{%22gcid-0ec00ca9-ec06-4784-a057-5ece2d56f250%22:%91%22header_2_text_color%22%93}&#8221;]<\/p>\n<h4><span data-sheets-root=\"1\" data-sheets-value=\"{&quot;1&quot;:2,&quot;2&quot;:&quot;Posem-nos en contacte. &quot;}\" data-sheets-userformat=\"{&quot;2&quot;:513,&quot;3&quot;:{&quot;1&quot;:0},&quot;12&quot;:0}\">Posem-nos en contacte. <\/span><\/h4>\n<p>[\/et_pb_text][et_pb_text _builder_version=&#8221;4.23.4&#8243; _module_preset=&#8221;_initial&#8221; text_font_size=&#8221;16px&#8221; header_2_font=&#8221;Raleway|700|||||||&#8221; header_2_text_color=&#8221;gcid-0ec00ca9-ec06-4784-a057-5ece2d56f250&#8243; header_2_font_size=&#8221;52px&#8221; header_2_line_height=&#8221;1.2em&#8221; text_orientation=&#8221;center&#8221; header_2_font_size_tablet=&#8221;32px&#8221; header_2_font_size_phone=&#8221;20px&#8221; header_2_font_size_last_edited=&#8221;on|desktop&#8221; global_colors_info=&#8221;{%22gcid-0ec00ca9-ec06-4784-a057-5ece2d56f250%22:%91%22header_2_text_color%22%93}&#8221;]<\/p>\n<h2>Ens agrada veure que has arribat fins aqu\u00ed!<\/h2>\n<p><span data-sheets-root=\"1\" data-sheets-value=\"{&quot;1&quot;:2,&quot;2&quot;:&quot;Vols una demostraci\u00f3 del qu\u00e8 podem fer per la teva empresa o instituci\u00f3? &quot;}\" data-sheets-userformat=\"{&quot;2&quot;:513,&quot;3&quot;:{&quot;1&quot;:0},&quot;12&quot;:0}\">Vols una demostraci\u00f3 del qu\u00e8 podem fer per la teva empresa o instituci\u00f3? <\/span><\/p>\n<p>Tens algun dubte?[\/et_pb_text][et_pb_text _builder_version=&#8221;4.23.4&#8243; _module_preset=&#8221;_initial&#8221; text_font_size=&#8221;16px&#8221; header_2_font=&#8221;Raleway|700|||||||&#8221; header_2_text_color=&#8221;gcid-0ec00ca9-ec06-4784-a057-5ece2d56f250&#8243; header_2_font_size=&#8221;52px&#8221; header_2_line_height=&#8221;1.2em&#8221; text_orientation=&#8221;center&#8221; header_2_font_size_tablet=&#8221;32px&#8221; header_2_font_size_phone=&#8221;20px&#8221; header_2_font_size_last_edited=&#8221;on|desktop&#8221; global_colors_info=&#8221;{%22gcid-0ec00ca9-ec06-4784-a057-5ece2d56f250%22:%91%22header_2_text_color%22%93}&#8221;]<span data-sheets-root=\"1\" data-sheets-value=\"{&quot;1&quot;:2,&quot;2&quot;:&quot;Emplena el formulari i ens posarem en contacte ben aviat! &quot;}\" data-sheets-userformat=\"{&quot;2&quot;:16897,&quot;3&quot;:{&quot;1&quot;:0},&quot;12&quot;:0,&quot;17&quot;:1}\">Emplena el formulari i ens posarem en contacte ben aviat! <\/span>[\/et_pb_text][\/et_pb_column][et_pb_column type=&#8221;1_2&#8243; _builder_version=&#8221;4.23.4&#8243; _module_preset=&#8221;default&#8221; background_color=&#8221;gcid-095f3017-670a-4d45-bbf8-520034f23a92&#8243; background_image=&#8221;https:\/\/proa4all.com\/wp-content\/uploads\/2024\/06\/proa_background_transparent_2500.png&#8221; custom_padding=&#8221;39px|39px|39px|39px|true|true&#8221; border_radii=&#8221;on|20px|20px|20px|20px&#8221; global_colors_info=&#8221;{%22gcid-095f3017-670a-4d45-bbf8-520034f23a92%22:%91%22background_color%22%93}&#8221;][et_pb_contact_form use_spam_service=&#8221;on&#8221; recaptcha_list=&#8221;PROA4ALL-0&#8243; email=&#8221;charo@bimconsultors.com&#8221; success_message=&#8221;Gr\u00e0cies per contactar-nos&#8221; submit_button_text=&#8221;Enviar&#8221; _builder_version=&#8221;4.25.2&#8243; _module_preset=&#8221;_initial&#8221; _unique_id=&#8221;3b9ff40e-5f34-4f1e-8605-88cf2b55a7ef&#8221; form_field_background_color=&#8221;RGBA(255,255,255,0)&#8221; form_field_text_color=&#8221;#FFFFFF&#8221; form_field_custom_padding=&#8221;18px|36px|18px|36px|true|true&#8221; form_field_font=&#8221;Raleway|700|||||||&#8221; form_field_letter_spacing=&#8221;0.16em&#8221; custom_button=&#8221;on&#8221; button_text_size=&#8221;14px&#8221; button_text_color=&#8221;#FFFFFF&#8221; button_bg_color=&#8221;#007c6e&#8221; button_border_width=&#8221;0px&#8221; button_border_color=&#8221;#007c6e&#8221; button_border_radius=&#8221;100px&#8221; button_letter_spacing=&#8221;0.16em&#8221; button_font=&#8221;Raleway|700||on|||||&#8221; button_icon_color=&#8221;#FFFFFF&#8221; button_custom_padding=&#8221;10px|30px|10px|30px|true|true&#8221; hover_enabled=&#8221;0&#8243; border_radii=&#8221;on|5px|5px|5px|5px&#8221; border_width_all=&#8221;1px&#8221; border_color_all=&#8221;#FFFFFF&#8221; locked=&#8221;off&#8221; global_colors_info=&#8221;{}&#8221; sticky_enabled=&#8221;0&#8243;][et_pb_contact_field field_id=&#8221;Name&#8221; field_title=&#8221;Nom&#8221; fullwidth_field=&#8221;on&#8221; _builder_version=&#8221;4.23.4&#8243; _module_preset=&#8221;default&#8221; global_colors_info=&#8221;{}&#8221; button_text_size__hover_enabled=&#8221;off&#8221; button_one_text_size__hover_enabled=&#8221;off&#8221; button_two_text_size__hover_enabled=&#8221;off&#8221; button_text_color__hover_enabled=&#8221;off&#8221; button_one_text_color__hover_enabled=&#8221;off&#8221; button_two_text_color__hover_enabled=&#8221;off&#8221; button_border_width__hover_enabled=&#8221;off&#8221; button_one_border_width__hover_enabled=&#8221;off&#8221; button_two_border_width__hover_enabled=&#8221;off&#8221; button_border_color__hover_enabled=&#8221;off&#8221; button_one_border_color__hover_enabled=&#8221;off&#8221; button_two_border_color__hover_enabled=&#8221;off&#8221; button_border_radius__hover_enabled=&#8221;off&#8221; button_one_border_radius__hover_enabled=&#8221;off&#8221; button_two_border_radius__hover_enabled=&#8221;off&#8221; button_letter_spacing__hover_enabled=&#8221;off&#8221; button_one_letter_spacing__hover_enabled=&#8221;off&#8221; button_two_letter_spacing__hover_enabled=&#8221;off&#8221; button_bg_color__hover_enabled=&#8221;off&#8221; button_one_bg_color__hover_enabled=&#8221;off&#8221; button_two_bg_color__hover_enabled=&#8221;off&#8221;][\/et_pb_contact_field][et_pb_contact_field field_id=&#8221;Email&#8221; field_title=&#8221;Email&#8221; field_type=&#8221;email&#8221; fullwidth_field=&#8221;on&#8221; _builder_version=&#8221;4.23.4&#8243; _module_preset=&#8221;default&#8221; global_colors_info=&#8221;{}&#8221; button_text_size__hover_enabled=&#8221;off&#8221; button_one_text_size__hover_enabled=&#8221;off&#8221; button_two_text_size__hover_enabled=&#8221;off&#8221; button_text_color__hover_enabled=&#8221;off&#8221; button_one_text_color__hover_enabled=&#8221;off&#8221; button_two_text_color__hover_enabled=&#8221;off&#8221; button_border_width__hover_enabled=&#8221;off&#8221; button_one_border_width__hover_enabled=&#8221;off&#8221; button_two_border_width__hover_enabled=&#8221;off&#8221; button_border_color__hover_enabled=&#8221;off&#8221; button_one_border_color__hover_enabled=&#8221;off&#8221; button_two_border_color__hover_enabled=&#8221;off&#8221; button_border_radius__hover_enabled=&#8221;off&#8221; button_one_border_radius__hover_enabled=&#8221;off&#8221; button_two_border_radius__hover_enabled=&#8221;off&#8221; button_letter_spacing__hover_enabled=&#8221;off&#8221; button_one_letter_spacing__hover_enabled=&#8221;off&#8221; button_two_letter_spacing__hover_enabled=&#8221;off&#8221; button_bg_color__hover_enabled=&#8221;off&#8221; button_one_bg_color__hover_enabled=&#8221;off&#8221; button_two_bg_color__hover_enabled=&#8221;off&#8221;][\/et_pb_contact_field][et_pb_contact_field field_id=&#8221;Message&#8221; field_title=&#8221;Missatge&#8221; field_type=&#8221;text&#8221; fullwidth_field=&#8221;on&#8221; _builder_version=&#8221;4.23.4&#8243; _module_preset=&#8221;default&#8221; global_colors_info=&#8221;{}&#8221; button_text_size__hover_enabled=&#8221;off&#8221; button_one_text_size__hover_enabled=&#8221;off&#8221; button_two_text_size__hover_enabled=&#8221;off&#8221; button_text_color__hover_enabled=&#8221;off&#8221; button_one_text_color__hover_enabled=&#8221;off&#8221; button_two_text_color__hover_enabled=&#8221;off&#8221; button_border_width__hover_enabled=&#8221;off&#8221; button_one_border_width__hover_enabled=&#8221;off&#8221; button_two_border_width__hover_enabled=&#8221;off&#8221; button_border_color__hover_enabled=&#8221;off&#8221; button_one_border_color__hover_enabled=&#8221;off&#8221; button_two_border_color__hover_enabled=&#8221;off&#8221; button_border_radius__hover_enabled=&#8221;off&#8221; button_one_border_radius__hover_enabled=&#8221;off&#8221; button_two_border_radius__hover_enabled=&#8221;off&#8221; button_letter_spacing__hover_enabled=&#8221;off&#8221; button_one_letter_spacing__hover_enabled=&#8221;off&#8221; button_two_letter_spacing__hover_enabled=&#8221;off&#8221; button_bg_color__hover_enabled=&#8221;off&#8221; button_one_bg_color__hover_enabled=&#8221;off&#8221; button_two_bg_color__hover_enabled=&#8221;off&#8221;][\/et_pb_contact_field][\/et_pb_contact_form][\/et_pb_column][\/et_pb_row][\/et_pb_section][et_pb_section fb_built=&#8221;1&#8243; admin_label=&#8221;Footer&#8221; _builder_version=&#8221;4.23.4&#8243; _module_preset=&#8221;default&#8221; background_color=&#8221;gcid-86031d5b-0170-405c-b57e-166734aa8a67&#8243; use_background_color_gradient=&#8221;on&#8221; background_color_gradient_stops=&#8221;#000000 0%|rgba(0,0,0,0) 100%&#8221; background_color_gradient_overlays_image=&#8221;on&#8221; background_image=&#8221;https:\/\/proa4all.com\/wp-content\/uploads\/2024\/06\/proa_background_transparent_2500.png&#8221; background_position=&#8221;top_center&#8221; custom_padding=&#8221;42px||46px|||&#8221; global_module=&#8221;210&#8243; saved_tabs=&#8221;all&#8221; locked=&#8221;off&#8221; collapsed=&#8221;on&#8221; global_colors_info=&#8221;{%22gcid-86031d5b-0170-405c-b57e-166734aa8a67%22:%91%22background_color%22%93}&#8221;][et_pb_row _builder_version=&#8221;4.23.4&#8243; _module_preset=&#8221;default&#8221; max_width=&#8221;820px&#8221; custom_padding=&#8221;32px|||||&#8221; global_colors_info=&#8221;{}&#8221;][et_pb_column type=&#8221;4_4&#8243; _builder_version=&#8221;4.23.4&#8243; _module_preset=&#8221;default&#8221; background_enable_color=&#8221;off&#8221; custom_padding=&#8221;20px|20px|20px|20px|true|true&#8221; border_radii=&#8221;on|40px|40px|40px|40px&#8221; global_colors_info=&#8221;{%22gcid-095f3017-670a-4d45-bbf8-520034f23a92%22:%91%22background_color%22%93}&#8221;][et_pb_text _builder_version=&#8221;4.23.4&#8243; _module_preset=&#8221;41739eef-524c-4ad7-81a4-42d94f951d33&#8243; header_font=&#8221;Raleway||||||||&#8221; header_2_text_color=&#8221;#FFFFFF&#8221; text_orientation=&#8221;center&#8221; global_colors_info=&#8221;{}&#8221;]<\/p>\n<h2>Uneix-te al turisme per a tothom!<\/h2>\n<p>[\/et_pb_text][et_pb_button button_url=&#8221;@ET-DC@eyJkeW5hbWljIjp0cnVlLCJjb250ZW50IjoicG9zdF9saW5rX3VybF9wYWdlIiwic2V0dGluZ3MiOnsicG9zdF9pZCI6IjE2NyJ9fQ==@&#8221; button_text=&#8221;Sol\u00b7licita una demo&#8221; button_alignment=&#8221;center&#8221; _builder_version=&#8221;4.23.4&#8243; _dynamic_attributes=&#8221;button_url&#8221; _module_preset=&#8221;c9bc0244-37be-44fb-9895-56a79de3b947&#8243; button_text_color=&#8221;#FFFFFF&#8221; button_bg_color=&#8221;#007c6e&#8221; button_font=&#8221;Raleway|700||on|||||&#8221; global_colors_info=&#8221;{}&#8221;][\/et_pb_button][\/et_pb_column][\/et_pb_row][et_pb_row column_structure=&#8221;1_4,1_4,1_4,1_4&#8243; _builder_version=&#8221;4.23.4&#8243; _module_preset=&#8221;default&#8221; width=&#8221;100%&#8221; max_width=&#8221;1496px&#8221; global_colors_info=&#8221;{}&#8221;][et_pb_column type=&#8221;1_4&#8243; _builder_version=&#8221;4.20.0&#8243; _module_preset=&#8221;default&#8221; background_enable_color=&#8221;off&#8221; custom_padding=&#8221;20px|20px|20px|20px|true|true&#8221; border_radii=&#8221;on|40px|40px|40px|40px&#8221; global_colors_info=&#8221;{%22gcid-095f3017-670a-4d45-bbf8-520034f23a92%22:%91%22background_color%22%93}&#8221;][et_pb_text _builder_version=&#8221;4.23.4&#8243; _module_preset=&#8221;2cf54718-7879-4002-88cf-3fa5bb53ddf6&#8243; header_font=&#8221;Raleway||||||||&#8221; header_5_font=&#8221;Raleway|700|||||||&#8221; header_5_text_color=&#8221;#FFFFFF&#8221; global_colors_info=&#8221;{}&#8221;]<\/p>\n<h5>Contacte<\/h5>\n<p>[\/et_pb_text][et_pb_text _builder_version=&#8221;4.25.2&#8243; _module_preset=&#8221;3af6fa9f-956b-4beb-b78a-305040b35cdf&#8221; text_text_color=&#8221;#FFFFFF&#8221; link_text_color=&#8221;#FFFFFF&#8221; header_font=&#8221;Raleway||||||||&#8221; custom_margin=&#8221;||0px||false|false&#8221; locked=&#8221;off&#8221; global_colors_info=&#8221;{}&#8221;]<\/p>\n<p><a href=\"mailto:proa4all@bimconsultors.com\">proa4all@bimconsultors.com<\/a><\/p>\n<p>[\/et_pb_text][et_pb_text _builder_version=&#8221;4.25.2&#8243; _module_preset=&#8221;3af6fa9f-956b-4beb-b78a-305040b35cdf&#8221; text_text_color=&#8221;#FFFFFF&#8221; link_text_color=&#8221;#FFFFFF&#8221; header_font=&#8221;Raleway||||||||&#8221; custom_margin=&#8221;||0px||false|false&#8221; locked=&#8221;off&#8221; global_colors_info=&#8221;{}&#8221;]<\/p>\n<p><a href=\"tel:+34%20626 71 76 64\">+34 650 055 023<\/a><\/p>\n<p>[\/et_pb_text][et_pb_text _builder_version=&#8221;4.23.4&#8243; _module_preset=&#8221;3af6fa9f-956b-4beb-b78a-305040b35cdf&#8221; text_text_color=&#8221;#FFFFFF&#8221; link_text_color=&#8221;#FFFFFF&#8221; header_font=&#8221;Raleway||||||||&#8221; custom_margin=&#8221;||0px||false|false&#8221; locked=&#8221;off&#8221; global_colors_info=&#8221;{}&#8221;]<\/p>\n<p class=\"et_pb_module_header\"><span>C\/ Riera Ginjolers 123 local 1, 17480 Roses (Girona)<\/span><\/p>\n<p>[\/et_pb_text][\/et_pb_column][et_pb_column type=&#8221;1_4&#8243; _builder_version=&#8221;4.20.0&#8243; _module_preset=&#8221;default&#8221; background_enable_color=&#8221;off&#8221; custom_padding=&#8221;20px|20px|20px|20px|true|true&#8221; border_radii=&#8221;on|40px|40px|40px|40px&#8221; global_colors_info=&#8221;{%22gcid-095f3017-670a-4d45-bbf8-520034f23a92%22:%91%22background_color%22%93}&#8221;][et_pb_image src=&#8221;https:\/\/proa4all.com\/wp-content\/uploads\/2024\/06\/premis-emprenedors-alt-emporda-1.png&#8221; title_text=&#8221;premis-emprenedors-alt-emporda&#8221; align=&#8221;center&#8221; _builder_version=&#8221;4.23.4&#8243; _module_preset=&#8221;default&#8221; border_radii=&#8221;on|32px|32px|32px|32px&#8221; box_shadow_style=&#8221;preset1&#8243; global_colors_info=&#8221;{}&#8221;][\/et_pb_image][\/et_pb_column][et_pb_column type=&#8221;1_4&#8243; _builder_version=&#8221;4.20.0&#8243; _module_preset=&#8221;default&#8221; background_enable_color=&#8221;off&#8221; custom_padding=&#8221;20px|20px|20px|20px|true|true&#8221; border_radii=&#8221;on|40px|40px|40px|40px&#8221; global_colors_info=&#8221;{%22gcid-095f3017-670a-4d45-bbf8-520034f23a92%22:%91%22background_color%22%93}&#8221;][et_pb_image src=&#8221;https:\/\/proa4all.com\/wp-content\/uploads\/2024\/06\/techtourism-1.jpg&#8221; title_text=&#8221;techtourism&#8221; align=&#8221;center&#8221; _builder_version=&#8221;4.23.4&#8243; _module_preset=&#8221;default&#8221; border_radii=&#8221;on|32px|32px|32px|32px&#8221; box_shadow_style=&#8221;preset1&#8243; global_colors_info=&#8221;{}&#8221;][\/et_pb_image][\/et_pb_column][et_pb_column type=&#8221;1_4&#8243; _builder_version=&#8221;4.20.0&#8243; _module_preset=&#8221;default&#8221; background_enable_color=&#8221;off&#8221; custom_padding=&#8221;20px|20px|20px|20px|true|true&#8221; border_radii=&#8221;on|40px|40px|40px|40px&#8221; global_colors_info=&#8221;{%22gcid-095f3017-670a-4d45-bbf8-520034f23a92%22:%91%22background_color%22%93}&#8221;][et_pb_image src=&#8221;https:\/\/proa4all.com\/wp-content\/uploads\/2024\/06\/tourism_and_society_think_tank_logo.jpg&#8221; title_text=&#8221;tourism_and_society_think_tank_logo&#8221; align=&#8221;center&#8221; _builder_version=&#8221;4.23.4&#8243; _module_preset=&#8221;default&#8221; border_radii=&#8221;on|32px|32px|32px|32px&#8221; box_shadow_style=&#8221;preset1&#8243; global_colors_info=&#8221;{}&#8221;][\/et_pb_image][\/et_pb_column][\/et_pb_row][\/et_pb_section]<\/p>\n","protected":false},"excerpt":{"rendered":"<p>Posem-nos en contacte. Ens agrada veure que has arribat fins aqu\u00ed! Vols una demostraci\u00f3 del qu\u00e8 podem fer per la teva empresa o instituci\u00f3? Tens algun dubte?Emplena el formulari i ens posarem en contacte ben aviat! Uneix-te al turisme per a tothom!Contacteproa4all@bimconsultors.com+34 650 055 023C\/ Riera Ginjolers 123 local 1, 17480 Roses (Girona)<\/p>\n","protected":false},"author":1,"featured_media":0,"parent":0,"menu_order":0,"comment_status":"closed","ping_status":"closed","template":"","meta":{"_et_pb_use_builder":"on","_et_pb_old_content":"","_et_gb_content_width":"","footnotes":""},"class_list":["post-167","page","type-page","status-publish","hentry"],"yoast_head":"<!-- This site is optimized with the Yoast SEO plugin v23.1 - https:\/\/yoast.com\/wordpress\/plugins\/seo\/ -->\n<title>Contacte - Proa<\/title>\n<meta name=\"robots\" content=\"index, follow, max-snippet:-1, max-image-preview:large, max-video-preview:-1\" \/>\n<link rel=\"canonical\" href=\"https:\/\/proa4all.com\/index.php\/contacte\/\" \/>\n<meta property=\"og:locale\" content=\"ca_ES\" \/>\n<meta property=\"og:type\" content=\"article\" \/>\n<meta property=\"og:title\" content=\"Contacte - Proa\" \/>\n<meta property=\"og:description\" content=\"Posem-nos en contacte. Ens agrada veure que has arribat fins aqu\u00ed! Vols una demostraci\u00f3 del qu\u00e8 podem fer per la teva empresa o instituci\u00f3? Tens algun dubte?Emplena el formulari i ens posarem en contacte ben aviat! Uneix-te al turisme per a tothom!Contacteproa4all@bimconsultors.com+34 650 055 023C\/ Riera Ginjolers 123 local 1, 17480 Roses (Girona)\" \/>\n<meta property=\"og:url\" content=\"https:\/\/proa4all.com\/index.php\/contacte\/\" \/>\n<meta property=\"og:site_name\" content=\"Proa\" \/>\n<meta property=\"article:modified_time\" content=\"2025-06-10T17:10:20+00:00\" \/>\n<meta name=\"twitter:card\" content=\"summary_large_image\" \/>\n<meta name=\"twitter:label1\" content=\"Temps estimat de lectura\" \/>\n\t<meta name=\"twitter:data1\" content=\"1 minut\" \/>\n<script type=\"application\/ld+json\" class=\"yoast-schema-graph\">{\"@context\":\"https:\/\/schema.org\",\"@graph\":[{\"@type\":\"WebPage\",\"@id\":\"https:\/\/proa4all.com\/index.php\/contacte\/\",\"url\":\"https:\/\/proa4all.com\/index.php\/contacte\/\",\"name\":\"Contacte - Proa\",\"isPartOf\":{\"@id\":\"https:\/\/proa4all.com\/#website\"},\"datePublished\":\"2024-06-19T13:08:12+00:00\",\"dateModified\":\"2025-06-10T17:10:20+00:00\",\"breadcrumb\":{\"@id\":\"https:\/\/proa4all.com\/index.php\/contacte\/#breadcrumb\"},\"inLanguage\":\"ca\",\"potentialAction\":[{\"@type\":\"ReadAction\",\"target\":[\"https:\/\/proa4all.com\/index.php\/contacte\/\"]}]},{\"@type\":\"BreadcrumbList\",\"@id\":\"https:\/\/proa4all.com\/index.php\/contacte\/#breadcrumb\",\"itemListElement\":[{\"@type\":\"ListItem\",\"position\":1,\"name\":\"Inici\",\"item\":\"https:\/\/proa4all.com\/\"},{\"@type\":\"ListItem\",\"position\":2,\"name\":\"Contacte\"}]},{\"@type\":\"WebSite\",\"@id\":\"https:\/\/proa4all.com\/#website\",\"url\":\"https:\/\/proa4all.com\/\",\"name\":\"Proa4all\",\"description\":\"Programari d&#039;Accessibilitat Tur\u00edstica\",\"publisher\":{\"@id\":\"https:\/\/proa4all.com\/#organization\"},\"potentialAction\":[{\"@type\":\"SearchAction\",\"target\":{\"@type\":\"EntryPoint\",\"urlTemplate\":\"https:\/\/proa4all.com\/?s={search_term_string}\"},\"query-input\":\"required name=search_term_string\"}],\"inLanguage\":\"ca\"},{\"@type\":\"Organization\",\"@id\":\"https:\/\/proa4all.com\/#organization\",\"name\":\"Proa\",\"url\":\"https:\/\/proa4all.com\/\",\"logo\":{\"@type\":\"ImageObject\",\"inLanguage\":\"ca\",\"@id\":\"https:\/\/proa4all.com\/#\/schema\/logo\/image\/\",\"url\":\"https:\/\/proa4all.com\/wp-content\/uploads\/2024\/06\/A-01.png\",\"contentUrl\":\"https:\/\/proa4all.com\/wp-content\/uploads\/2024\/06\/A-01.png\",\"width\":83,\"height\":128,\"caption\":\"Proa\"},\"image\":{\"@id\":\"https:\/\/proa4all.com\/#\/schema\/logo\/image\/\"}}]}<\/script>\n<!-- \/ Yoast SEO plugin. -->","yoast_head_json":{"title":"Contacte - Proa","robots":{"index":"index","follow":"follow","max-snippet":"max-snippet:-1","max-image-preview":"max-image-preview:large","max-video-preview":"max-video-preview:-1"},"canonical":"https:\/\/proa4all.com\/index.php\/contacte\/","og_locale":"ca_ES","og_type":"article","og_title":"Contacte - Proa","og_description":"Posem-nos en contacte. Ens agrada veure que has arribat fins aqu\u00ed! Vols una demostraci\u00f3 del qu\u00e8 podem fer per la teva empresa o instituci\u00f3? Tens algun dubte?Emplena el formulari i ens posarem en contacte ben aviat! Uneix-te al turisme per a tothom!Contacteproa4all@bimconsultors.com+34 650 055 023C\/ Riera Ginjolers 123 local 1, 17480 Roses (Girona)","og_url":"https:\/\/proa4all.com\/index.php\/contacte\/","og_site_name":"Proa","article_modified_time":"2025-06-10T17:10:20+00:00","twitter_card":"summary_large_image","twitter_misc":{"Temps estimat de lectura":"1 minut"},"schema":{"@context":"https:\/\/schema.org","@graph":[{"@type":"WebPage","@id":"https:\/\/proa4all.com\/index.php\/contacte\/","url":"https:\/\/proa4all.com\/index.php\/contacte\/","name":"Contacte - Proa","isPartOf":{"@id":"https:\/\/proa4all.com\/#website"},"datePublished":"2024-06-19T13:08:12+00:00","dateModified":"2025-06-10T17:10:20+00:00","breadcrumb":{"@id":"https:\/\/proa4all.com\/index.php\/contacte\/#breadcrumb"},"inLanguage":"ca","potentialAction":[{"@type":"ReadAction","target":["https:\/\/proa4all.com\/index.php\/contacte\/"]}]},{"@type":"BreadcrumbList","@id":"https:\/\/proa4all.com\/index.php\/contacte\/#breadcrumb","itemListElement":[{"@type":"ListItem","position":1,"name":"Inici","item":"https:\/\/proa4all.com\/"},{"@type":"ListItem","position":2,"name":"Contacte"}]},{"@type":"WebSite","@id":"https:\/\/proa4all.com\/#website","url":"https:\/\/proa4all.com\/","name":"Proa4all","description":"Programari d&#039;Accessibilitat Tur\u00edstica","publisher":{"@id":"https:\/\/proa4all.com\/#organization"},"potentialAction":[{"@type":"SearchAction","target":{"@type":"EntryPoint","urlTemplate":"https:\/\/proa4all.com\/?s={search_term_string}"},"query-input":"required name=search_term_string"}],"inLanguage":"ca"},{"@type":"Organization","@id":"https:\/\/proa4all.com\/#organization","name":"Proa","url":"https:\/\/proa4all.com\/","logo":{"@type":"ImageObject","inLanguage":"ca","@id":"https:\/\/proa4all.com\/#\/schema\/logo\/image\/","url":"https:\/\/proa4all.com\/wp-content\/uploads\/2024\/06\/A-01.png","contentUrl":"https:\/\/proa4all.com\/wp-content\/uploads\/2024\/06\/A-01.png","width":83,"height":128,"caption":"Proa"},"image":{"@id":"https:\/\/proa4all.com\/#\/schema\/logo\/image\/"}}]}},"_links":{"self":[{"href":"https:\/\/proa4all.com\/index.php\/wp-json\/wp\/v2\/pages\/167","targetHints":{"allow":["GET"]}}],"collection":[{"href":"https:\/\/proa4all.com\/index.php\/wp-json\/wp\/v2\/pages"}],"about":[{"href":"https:\/\/proa4all.com\/index.php\/wp-json\/wp\/v2\/types\/page"}],"author":[{"embeddable":true,"href":"https:\/\/proa4all.com\/index.php\/wp-json\/wp\/v2\/users\/1"}],"replies":[{"embeddable":true,"href":"https:\/\/proa4all.com\/index.php\/wp-json\/wp\/v2\/comments?post=167"}],"version-history":[{"count":28,"href":"https:\/\/proa4all.com\/index.php\/wp-json\/wp\/v2\/pages\/167\/revisions"}],"predecessor-version":[{"id":1212,"href":"https:\/\/proa4all.com\/index.php\/wp-json\/wp\/v2\/pages\/167\/revisions\/1212"}],"wp:attachment":[{"href":"https:\/\/proa4all.com\/index.php\/wp-json\/wp\/v2\/media?parent=167"}],"curies":[{"name":"wp","href":"https:\/\/api.w.org\/{rel}","templated":true}]}}